{"id":6555,"date":"2026-04-19T01:10:06","date_gmt":"2026-04-18T23:10:06","guid":{"rendered":"https:\/\/www.sdjlighting.com\/prodotto\/plh295bk-accoppiatore-singolo-in-alluminio-estruso-nero\/"},"modified":"2026-04-19T01:10:07","modified_gmt":"2026-04-18T23:10:07","slug":"plh295bk-accoppiatore-singolo-in-alluminio-estruso-nero","status":"publish","type":"product","link":"https:\/\/www.sdjlighting.com\/it\/prodotto\/plh295bk-accoppiatore-singolo-in-alluminio-estruso-nero\/","title":{"rendered":"Accoppiatore singolo in alluminio estruso. Nero."},"content":{"rendered":"<ul>\n<li>\u00d8 interno:per tubi da \u00f8 48 a \u00f8 51 mm<\/li>\n<li>Capacit\u00e0 di carico\/portata:300 Kg<\/li>\n<li>Colore: Nero<\/li>\n<\/ul>\n","protected":false},"excerpt":{"rendered":"<p>Accoppiatore singolo in alluminio estruso con bullone M10 x 50 con dado bloccante. \u00d8 interno 50.8 mm e pu\u00f2 essere utilizzato per tubi da \u00f8 48 a \u00f8 51 mm (CARICO MAX: 300 Kg). Colore Nero.<\/p>\n","protected":false},"featured_media":9926,"template":"","meta":{"_acf_changed":false},"product_brand":[],"product_cat":[28,50],"product_tag":[256],"class_list":{"0":"post-6555","1":"product","2":"type-product","3":"status-publish","4":"has-post-thumbnail","6":"product_cat-lighting","7":"product_cat-legacy","8":"product_tag-lighting-cross-brand-2","10":"first","11":"instock","12":"purchasable","13":"product-type-simple"},"acf":[],"_links":{"self":[{"href":"https:\/\/www.sdjlighting.com\/it\/wp-json\/wp\/v2\/product\/6555","targetHints":{"allow":["GET"]}}],"collection":[{"href":"https:\/\/www.sdjlighting.com\/it\/wp-json\/wp\/v2\/product"}],"about":[{"href":"https:\/\/www.sdjlighting.com\/it\/wp-json\/wp\/v2\/types\/product"}],"wp:featuredmedia":[{"embeddable":true,"href":"https:\/\/www.sdjlighting.com\/it\/wp-json\/wp\/v2\/media\/9926"}],"wp:attachment":[{"href":"https:\/\/www.sdjlighting.com\/it\/wp-json\/wp\/v2\/media?parent=6555"}],"wp:term":[{"taxonomy":"product_brand","embeddable":true,"href":"https:\/\/www.sdjlighting.com\/it\/wp-json\/wp\/v2\/product_brand?post=6555"},{"taxonomy":"product_cat","embeddable":true,"href":"https:\/\/www.sdjlighting.com\/it\/wp-json\/wp\/v2\/product_cat?post=6555"},{"taxonomy":"product_tag","embeddable":true,"href":"https:\/\/www.sdjlighting.com\/it\/wp-json\/wp\/v2\/product_tag?post=6555"}],"curies":[{"name":"wp","href":"https:\/\/api.w.org\/{rel}","templated":true}]}}