{"id":6567,"date":"2026-04-30T01:10:11","date_gmt":"2026-04-29T23:10:11","guid":{"rendered":"https:\/\/www.sdjlighting.com\/prodotto\/plh295bkdb-accoppiatore-doppio-in-alluminio-estruso-di-colore-nero\/"},"modified":"2026-04-30T01:10:16","modified_gmt":"2026-04-29T23:10:16","slug":"plh295bkdb-accoppiatore-doppio-in-alluminio-estruso-di-colore-nero","status":"publish","type":"product","link":"https:\/\/www.sdjlighting.com\/it\/prodotto\/plh295bkdb-accoppiatore-doppio-in-alluminio-estruso-di-colore-nero\/","title":{"rendered":"Accoppiatore doppio in alluminio estruso di colore nero"},"content":{"rendered":"<ul>\n<li>\u00d8 interno: per tubi da \u00f8 48 a \u00f8 51 mm<\/li>\n<li>Capacit\u00e0 di carico\/portata:280 Kg<\/li>\n<\/ul>\n","protected":false},"excerpt":{"rendered":"<p>\u00d8 interno: per tubi da \u00f8 48 a \u00f8 51 mm Capacit\u00e0 di carico\/portata:280 Kg<\/p>\n","protected":false},"featured_media":9950,"template":"","meta":{"_acf_changed":false},"product_brand":[],"product_cat":[50,28],"product_tag":[256],"class_list":{"0":"post-6567","1":"product","2":"type-product","3":"status-publish","4":"has-post-thumbnail","6":"product_cat-legacy","7":"product_cat-lighting","8":"product_tag-lighting-cross-brand-2","10":"first","11":"instock","12":"purchasable","13":"product-type-simple"},"acf":[],"_links":{"self":[{"href":"https:\/\/www.sdjlighting.com\/it\/wp-json\/wp\/v2\/product\/6567","targetHints":{"allow":["GET"]}}],"collection":[{"href":"https:\/\/www.sdjlighting.com\/it\/wp-json\/wp\/v2\/product"}],"about":[{"href":"https:\/\/www.sdjlighting.com\/it\/wp-json\/wp\/v2\/types\/product"}],"wp:featuredmedia":[{"embeddable":true,"href":"https:\/\/www.sdjlighting.com\/it\/wp-json\/wp\/v2\/media\/9950"}],"wp:attachment":[{"href":"https:\/\/www.sdjlighting.com\/it\/wp-json\/wp\/v2\/media?parent=6567"}],"wp:term":[{"taxonomy":"product_brand","embeddable":true,"href":"https:\/\/www.sdjlighting.com\/it\/wp-json\/wp\/v2\/product_brand?post=6567"},{"taxonomy":"product_cat","embeddable":true,"href":"https:\/\/www.sdjlighting.com\/it\/wp-json\/wp\/v2\/product_cat?post=6567"},{"taxonomy":"product_tag","embeddable":true,"href":"https:\/\/www.sdjlighting.com\/it\/wp-json\/wp\/v2\/product_tag?post=6567"}],"curies":[{"name":"wp","href":"https:\/\/api.w.org\/{rel}","templated":true}]}}