{"id":6578,"date":"2026-05-16T01:11:08","date_gmt":"2026-05-15T23:11:08","guid":{"rendered":"https:\/\/www.sdjlighting.com\/prodotto\/sg-cl10nbk-gancio-in-acciaio-zincato-portata-50kg\/"},"modified":"2026-05-16T01:11:11","modified_gmt":"2026-05-15T23:11:11","slug":"sg-cl10nbk-gancio-in-acciaio-zincato-portata-50kg","status":"publish","type":"product","link":"https:\/\/www.sdjlighting.com\/it\/prodotto\/sg-cl10nbk-gancio-in-acciaio-zincato-portata-50kg\/","title":{"rendered":"Gancio in acciaio zincato portata 50kg"},"content":{"rendered":"<ul>\n<li>Materiale: acciaio<\/li>\n<li>\u00d8 interno: per tubi da \u00f8 35 a \u00f8 50 mm<\/li>\n<li>Capacit\u00e0 di carico\/portata: 50 Kg<\/li>\n<li>Colore: nero<\/li>\n<\/ul>\n","protected":false},"excerpt":{"rendered":"<p>Gancio in acciaio zincato, adatto per tubi da \u00d8 35 mm a \u00d8 50 mm. (CARICO MAX: 50Kg). Confezione standard: 1 pezzo.<\/p>\n","protected":false},"featured_media":9994,"template":"","meta":{"_acf_changed":false},"product_brand":[],"product_cat":[241,28],"product_tag":[256],"class_list":{"0":"post-6578","1":"product","2":"type-product","3":"status-publish","4":"has-post-thumbnail","6":"product_cat-clamps-safety-ropes","7":"product_cat-lighting","8":"product_tag-lighting-cross-brand-2","10":"first","11":"instock","12":"purchasable","13":"product-type-simple"},"acf":[],"_links":{"self":[{"href":"https:\/\/www.sdjlighting.com\/it\/wp-json\/wp\/v2\/product\/6578","targetHints":{"allow":["GET"]}}],"collection":[{"href":"https:\/\/www.sdjlighting.com\/it\/wp-json\/wp\/v2\/product"}],"about":[{"href":"https:\/\/www.sdjlighting.com\/it\/wp-json\/wp\/v2\/types\/product"}],"wp:featuredmedia":[{"embeddable":true,"href":"https:\/\/www.sdjlighting.com\/it\/wp-json\/wp\/v2\/media\/9994"}],"wp:attachment":[{"href":"https:\/\/www.sdjlighting.com\/it\/wp-json\/wp\/v2\/media?parent=6578"}],"wp:term":[{"taxonomy":"product_brand","embeddable":true,"href":"https:\/\/www.sdjlighting.com\/it\/wp-json\/wp\/v2\/product_brand?post=6578"},{"taxonomy":"product_cat","embeddable":true,"href":"https:\/\/www.sdjlighting.com\/it\/wp-json\/wp\/v2\/product_cat?post=6578"},{"taxonomy":"product_tag","embeddable":true,"href":"https:\/\/www.sdjlighting.com\/it\/wp-json\/wp\/v2\/product_tag?post=6578"}],"curies":[{"name":"wp","href":"https:\/\/api.w.org\/{rel}","templated":true}]}}