{"id":7050,"date":"2026-04-14T02:10:12","date_gmt":"2026-04-14T00:10:12","guid":{"rendered":"https:\/\/www.sdjlighting.com\/prodotto\/sg-barc-barra-240-led-10mm-rgb\/"},"modified":"2026-04-14T02:10:16","modified_gmt":"2026-04-14T00:10:16","slug":"sg-barc-barra-240-led-10mm-rgb","status":"publish","type":"product","link":"https:\/\/www.sdjlighting.com\/it\/prodotto\/sg-barc-barra-240-led-10mm-rgb\/","title":{"rendered":"Barra 240 led 10mm RGB"},"content":{"rendered":"<p><em><strong>DATI ELETTRICI<\/strong><\/em><br \/>Alimentazione: AC~100-240V, 50\/60Hz<br \/>Potenza assorbita: 35W<br \/><em><strong>SORGENTE LUMINOSA<\/strong><\/em><br \/>LED: 240 led 10 mm (R112, G64, B64)<br \/>Lux@2m: 490 LUX<br \/>Ottica: 30\u00b0<br \/><em><strong>CONTROLLO<\/strong><\/em><br \/>Controllo software: LCD Display<br \/>Controllo: Built-in programs, auto running mode, DMX mode, master\/slave mode, soundactive mode, and static colors<br \/>Canali DMX: 3,5,6,12,24,48 CH<br \/>Settori: controllo indipendente per 16 settori<br \/><em><strong>DATI TECNICI<\/strong><\/em><br \/>Ancoraggio: Doppia staffa per ancoraggio in quota ed appoggio a terra<br \/>Alimetazione IN: connettore VDE IN\/OUT<br \/>Alimentazione OUT: max. 16 pcs @240V \u2013 8 pcs @110V<br \/>Peso: 2,6 kg<br \/>Dimensioni: 1064x65x88 mm<br \/>Connessione DMX: XLR 3 poli<br \/>Grado di protezione: IP20<\/p>\n","protected":false},"excerpt":{"rendered":"<p><strong>\u2022 BARC<\/strong> \u00e8 una barra a 240 led RGB con possibilit\u00e0 di controllo individuale a 16 settori, lunga 100 cm. Questo proiettore\u00e8 adatto a DJ o piccoli club. Il software offre un alto numero di effetti grafici e di colore richiamabili anche via DMX.<\/p>\n","protected":false},"featured_media":8853,"template":"","meta":{"_acf_changed":false},"product_brand":[],"product_cat":[28,50],"product_tag":[],"class_list":{"0":"post-7050","1":"product","2":"type-product","3":"status-publish","4":"has-post-thumbnail","6":"product_cat-lighting","7":"product_cat-legacy","9":"first","10":"instock","11":"product-type-simple"},"acf":[],"_links":{"self":[{"href":"https:\/\/www.sdjlighting.com\/it\/wp-json\/wp\/v2\/product\/7050","targetHints":{"allow":["GET"]}}],"collection":[{"href":"https:\/\/www.sdjlighting.com\/it\/wp-json\/wp\/v2\/product"}],"about":[{"href":"https:\/\/www.sdjlighting.com\/it\/wp-json\/wp\/v2\/types\/product"}],"wp:featuredmedia":[{"embeddable":true,"href":"https:\/\/www.sdjlighting.com\/it\/wp-json\/wp\/v2\/media\/8853"}],"wp:attachment":[{"href":"https:\/\/www.sdjlighting.com\/it\/wp-json\/wp\/v2\/media?parent=7050"}],"wp:term":[{"taxonomy":"product_brand","embeddable":true,"href":"https:\/\/www.sdjlighting.com\/it\/wp-json\/wp\/v2\/product_brand?post=7050"},{"taxonomy":"product_cat","embeddable":true,"href":"https:\/\/www.sdjlighting.com\/it\/wp-json\/wp\/v2\/product_cat?post=7050"},{"taxonomy":"product_tag","embeddable":true,"href":"https:\/\/www.sdjlighting.com\/it\/wp-json\/wp\/v2\/product_tag?post=7050"}],"curies":[{"name":"wp","href":"https:\/\/api.w.org\/{rel}","templated":true}]}}