{"id":7103,"date":"2026-04-09T02:10:33","date_gmt":"2026-04-09T00:10:33","guid":{"rendered":"https:\/\/www.sdjlighting.com\/prodotto\/sg-slimbar8dl-proiettore-a-barra-slimbar-dl-8x12w-led-rgbwau-fc-irc-incluso\/"},"modified":"2026-04-09T02:10:42","modified_gmt":"2026-04-09T00:10:42","slug":"sg-slimbar8dl-proiettore-a-barra-slimbar-dl-8x12w-led-rgbwau-fc-irc-incluso","status":"publish","type":"product","link":"https:\/\/www.sdjlighting.com\/it\/prodotto\/sg-slimbar8dl-proiettore-a-barra-slimbar-dl-8x12w-led-rgbwau-fc-irc-incluso\/","title":{"rendered":"Proiettore a barra Slimbar DL 8X12W led RGBWAU\/FC IRC (incluso)"},"content":{"rendered":"<table border=\"0\" cellpadding=\"0\" cellspacing=\"0\" width=\"1096\" style=\"width: 822pt;\">\n<colgroup>\n<col width=\"194\" style=\"mso-width-source:userset;mso-width-alt:6883;width:145pt\">\n<col width=\"902\" style=\"mso-width-source:userset;mso-width-alt:32085;width:677pt\"> <\/colgroup>\n<tbody>\n<tr height=\"58\" style=\"height:43.2pt\">\n<td height=\"58\" class=\"xl66\" width=\"194\" style=\"height:43.2pt;width:145pt\">Sorgente  luminosa<\/td>\n<td class=\"xl65\" width=\"902\" style=\"width:677pt\">8x12W led RGBWAU Full  Color<br \/>    Vita media sorgente LED: >50.000h<br \/>    Frequenza diodi led: >400Hz anti-flicker<\/td>\n<\/tr>\n<tr height=\"38\" style=\"height:28.8pt\">\n<td height=\"38\" class=\"xl66\" style=\"height:28.8pt\">Ottica<\/td>\n<td class=\"xl65\" width=\"902\" style=\"width:677pt\">Angolo di proiezione: 25\u00b0<br \/>    Luminosit\u00e0: 2290 lux @3mt (25\u00b0)<\/td>\n<\/tr>\n<tr height=\"96\" style=\"height:72.0pt\">\n<td height=\"96\" class=\"xl66\" style=\"height:72.0pt\">Sistema Colori<\/td>\n<td class=\"xl65\" width=\"902\" style=\"width:677pt\">Sorgente 6 in 1 RGBWAU Full  Color<br \/>    Possibilit\u00e0 cromatiche illimitate<br \/>    Controllo della temperatura colore grazie alla sorgente ambra<br \/>    Tecnologia led \u201cDark Light\u201d luce UV (ultravioletta)<br \/>    Due macro colori controllabili via DMX<\/td>\n<\/tr>\n<tr height=\"38\" style=\"height:28.8pt\">\n<td height=\"38\" class=\"xl66\" style=\"height:28.8pt\">Effetti<\/td>\n<td class=\"xl65\" width=\"902\" style=\"width:677pt\">Dimmer lineare 0-100%<br \/>    Strobo: elettronico 1-20 flash\/s indipendente a velocit\u00e0 variabile<\/td>\n<\/tr>\n<tr height=\"155\" style=\"mso-height-source:userset;height:116.4pt\">\n<td height=\"155\" class=\"xl66\" style=\"height:116.4pt\">Controllo e programmazione<\/td>\n<td class=\"xl65\" width=\"902\" style=\"width:677pt\">6 configurazioni DMX  disponibili: 1\/6\/10\/12\/24\/28 canali<br \/>    Controllo della sorgente led in \u201cdouble pixel\u201d<br \/>    Controllo segnale USITT DMX 512<br \/>    Modalit\u00e0 Master\/Slave selezionabile<br \/>    Modalit\u00e0 Sound con sensibilit\u00e0 microfono regolabile<br \/>    Modalit\u00e0 Static Color con regolazione indipendente della strobo<br \/>    Modalit\u00e0 Automatica con la possibilit\u00e0 di richiamare da display 12  programmi personalizzabili con regolazione indipendente della velocit\u00e0 e  strobo<br \/>    Modalit\u00e0 Color con la possibilit\u00e0 di richiamare 69 macro colori  preimpostate con regolazione indipendente della strobo<br \/>    Controllo IR con macro richiamabili o colori regolabili da telecomando  (incluso)<\/td>\n<\/tr>\n<tr height=\"134\" style=\"height:100.8pt\">\n<td height=\"134\" class=\"xl66\" style=\"height:100.8pt\">Struttura e corpo mobile<\/td>\n<td class=\"xl65\" width=\"902\" style=\"width:677pt\">Struttura in alluminio di colore  nero<br \/>    Display LCD grafico di colore azzurro<br \/>    Sistema di ancoraggio con doppia staffa regolabile laterale e staffa  singola regolabile al centro<br \/>    Posizionamento \u201clight up\u201d con regolazione dell\u2019 inclinazione<br \/>    Connessione di segnale DMX Ingresso e uscita XLR 3 poli<br \/>    Grado di protezione IP 20<br \/>    Raffreddamento a ventilazione forzata controllata elettronicamente<\/td>\n<\/tr>\n<tr height=\"115\" style=\"height:86.4pt\">\n<td height=\"115\" class=\"xl66\" style=\"height:86.4pt\">Alimentazione<\/td>\n<td class=\"xl65\" width=\"902\" style=\"width:677pt\">Input Voltage: AC~100-240V  50\/60Hz<br \/>    Alimentatore switching universale<br \/>    Consumo 110W<br \/>    Connessione alimentazione IN\/OUT powerCON<br \/>    Cavo alimentazione 1,5 mt incluso<br \/>    Alimentazione OUT massimo 6 pcs @240V<\/td>\n<\/tr>\n<tr height=\"38\" style=\"height:28.8pt\">\n<td height=\"38\" class=\"xl66\" style=\"height:28.8pt\">Peso e dimensioni<\/td>\n<td class=\"xl65\" width=\"902\" style=\"width:677pt\">Peso netto: 3,6 kg<br \/>    Dimensioni: 505x160x140 mm<\/td>\n<\/tr>\n<\/tbody>\n<\/table>\n<ul><\/ul>\n","protected":false},"excerpt":{"rendered":"<p>\u201cUser friendly\u201d \u00e8 la parola d\u2019ordine quando si parla della nuova linea di barre led SDJ. Slimbar offre la versatilit\u00e0 e la potenza di un comune proiettore led, come il nostro Slimpar, ma con una disposizione lineare della sorgente luminosa, installata in una barra di alluminio nero, con un design pratico e moderno. Il software offre numerose funzioni personalizzabili che garantiscono vaste possibilit\u00e0 d\u2019utilizzo; grazie inoltre all\u2019aggiunta di un semplicissimo controllo IR (incluso), si ha la possibilit\u00e0 di richiamare programmi o colori \u201cpreimpostati\u201d senza l\u2019utilizzo del segnale DMX. Due sono le taglie della linea, 8 e 16 led: in entrambe troviamo la tecnologia DL (Dark Light) di ultima generazione. Grazie all\u2019utilizzo di queste innovative sorgenti ad alta resa 6 in 1 RGBWAU, \u00e8 possibile ottenere luce ultravioletta ormai in voga in moltissimi eventi dance mantenendo, inoltre, tutte le numerose tonalit\u00e0 di colori riprodotte dalle sorgenti \u201cfull color\u201d RGBWA. Il telaio \u00e8 stato studiato per dare la massima \u201cdinamicit\u00e0 d\u2019impiego\u201d; due comode staffe laterali regolabili garantiscono l\u2019utilizzo del proiettore in posizione tipo \u201clight up\u201d dando la possibilit\u00e0 d\u2019illuminare superfici come pareti o fondali, mentre una robusta staffa singola regolabile centrale permette l\u2019aggancio del corpo su strutture tipo truss o pali.<\/p>\n","protected":false},"featured_media":8913,"template":"","meta":{"_acf_changed":false},"product_brand":[],"product_cat":[28,50],"product_tag":[],"class_list":{"0":"post-7103","1":"product","2":"type-product","3":"status-publish","4":"has-post-thumbnail","6":"product_cat-lighting","7":"product_cat-legacy","9":"first","10":"instock","11":"purchasable","12":"product-type-simple"},"acf":[],"_links":{"self":[{"href":"https:\/\/www.sdjlighting.com\/it\/wp-json\/wp\/v2\/product\/7103","targetHints":{"allow":["GET"]}}],"collection":[{"href":"https:\/\/www.sdjlighting.com\/it\/wp-json\/wp\/v2\/product"}],"about":[{"href":"https:\/\/www.sdjlighting.com\/it\/wp-json\/wp\/v2\/types\/product"}],"wp:featuredmedia":[{"embeddable":true,"href":"https:\/\/www.sdjlighting.com\/it\/wp-json\/wp\/v2\/media\/8913"}],"wp:attachment":[{"href":"https:\/\/www.sdjlighting.com\/it\/wp-json\/wp\/v2\/media?parent=7103"}],"wp:term":[{"taxonomy":"product_brand","embeddable":true,"href":"https:\/\/www.sdjlighting.com\/it\/wp-json\/wp\/v2\/product_brand?post=7103"},{"taxonomy":"product_cat","embeddable":true,"href":"https:\/\/www.sdjlighting.com\/it\/wp-json\/wp\/v2\/product_cat?post=7103"},{"taxonomy":"product_tag","embeddable":true,"href":"https:\/\/www.sdjlighting.com\/it\/wp-json\/wp\/v2\/product_tag?post=7103"}],"curies":[{"name":"wp","href":"https:\/\/api.w.org\/{rel}","templated":true}]}}