{"id":7121,"date":"2026-05-08T02:12:18","date_gmt":"2026-05-08T00:12:18","guid":{"rendered":"https:\/\/www.sdjlighting.com\/prodotto\/sg-ledkithp7-led-kit-4-proiettori-7x10w-led-rgbw-fc\/"},"modified":"2026-05-08T02:12:28","modified_gmt":"2026-05-08T00:12:28","slug":"sg-ledkithp7-led-kit-4-proiettori-7x10w-led-rgbw-fc","status":"publish","type":"product","link":"https:\/\/www.sdjlighting.com\/it\/prodotto\/sg-ledkithp7-led-kit-4-proiettori-7x10w-led-rgbw-fc\/","title":{"rendered":"Led kit 4 proiettori 7x10W led RGBW\/FC"},"content":{"rendered":"<table border=\"0\" cellpadding=\"0\" cellspacing=\"0\" width=\"1096\" style=\"width: 822pt;\">\n<colgroup>\n<col width=\"194\" style=\"mso-width-source:userset;mso-width-alt:6883;width:145pt\">\n<col width=\"902\" style=\"mso-width-source:userset;mso-width-alt:32085;width:677pt\"> <\/colgroup>\n<tbody>\n<tr height=\"58\" style=\"height:43.2pt\">\n<td height=\"58\" class=\"xl66\" width=\"194\" style=\"height:43.2pt;width:145pt\">Sorgente  luminosa<\/td>\n<td class=\"xl65\" width=\"902\" style=\"width:677pt\">Kit 4 proiettori da 7x10W led  RGBW Full Color<br \/>    Vita media sorgente LED: >50.000h<br \/>    Frequenza diodi led: >400Hz anti-flicker<\/td>\n<\/tr>\n<tr height=\"19\" style=\"height:14.4pt\">\n<td height=\"19\" class=\"xl66\" style=\"height:14.4pt\">Ottica<\/td>\n<td class=\"xl65\" width=\"902\" style=\"width:677pt\">Angolo di proiezione: 25\u00b0<\/td>\n<\/tr>\n<tr height=\"38\" style=\"height:28.8pt\">\n<td height=\"38\" class=\"xl66\" style=\"height:28.8pt\">Sistema Colori<\/td>\n<td class=\"xl65\" width=\"902\" style=\"width:677pt\">Sorgente 4 in 1 RGBW Full  Color<br \/>    Possibilita cromatiche illimitate<\/td>\n<\/tr>\n<tr height=\"58\" style=\"height:43.2pt\">\n<td height=\"58\" class=\"xl66\" style=\"height:43.2pt\">Effetti<\/td>\n<td class=\"xl65\" width=\"902\" style=\"width:677pt\">Dimmer lineare 0-100%<br \/>    Strobo: elettronico 1-20 flash\/s indipendente a velocita variabile<br \/>    Una modalita automatica richiamabile da DMX<\/td>\n<\/tr>\n<tr height=\"154\" style=\"height:115.2pt\">\n<td height=\"154\" class=\"xl66\" style=\"height:115.2pt\">Controllo e programmazione<\/td>\n<td class=\"xl65\" width=\"902\" style=\"width:677pt\">5 configurazioni DMX  disponibili: 4\/6\/10\/16\/18 canali<br \/>    Possibilita di controllo indipendente per ogni singolo proiettore con  controllo DMX<br \/>    Controllo segnale USITT DMX 512<br \/>    Modalita Master\/Slave selezionabile<br \/>    Modalita Sound con sensibilita microfono regolabile<br \/>    Modalita Automatica con la possibilita di richiamare da display o pedaliera  6 programmi personalizzabili con regolazione indipendente della  velocita<br \/>    Modalita Color con la possibilita di richiamare 9 macro colori preimpostate  piu macro colori personalizzabile<br \/>    Controllo con pedaliera: Blackout, Sound, Auto, Freeze (inclusa)<\/td>\n<\/tr>\n<tr height=\"154\" style=\"height:115.2pt\">\n<td height=\"154\" class=\"xl66\" style=\"height:115.2pt\">Struttura e corpo mobile<\/td>\n<td class=\"xl65\" width=\"902\" style=\"width:677pt\">Struttura in metallo di colore  nero<br \/>    Display LED di colore rosso<br \/>    Sistema di ancoraggio con doppia staffa laterale regolabile<br \/>    Posizionamento \u201clight up\u201d con doppia staffa laterale regolabile<br \/>    Connessione di segnale DMX ingresso e uscita XLR 3 poli<br \/>    Grado di protezione IP 20<br \/>    Stand max H 2800 mm con sacca per trasporto (inclusi)<br \/>    Bag semirigida per trasporto barra fari (inclusa)<\/td>\n<\/tr>\n<tr height=\"96\" style=\"height:72.0pt\">\n<td height=\"96\" class=\"xl66\" style=\"height:72.0pt\">Alimentazione<\/td>\n<td class=\"xl65\" width=\"902\" style=\"width:677pt\">Input Voltage: AC~100-240V  50\/60Hz<br \/>    Alimentatore switching universale<br \/>    Consumo 300W<br \/>    Connessione alimentazione IN\/OUT VDE<br \/>    Cavo alimentazione 1,5 mt incluso<\/td>\n<\/tr>\n<tr height=\"58\" style=\"height:43.2pt\">\n<td height=\"58\" class=\"xl66\" style=\"height:43.2pt\">Peso e dimensioni<\/td>\n<td class=\"xl65\" width=\"902\" style=\"width:677pt\">Peso netto barra: 8,5 kg<br \/>    Peso netto stand: 4,5 kg<br \/>    Dimensioni barra: 1180x90x270 mm<\/td>\n<\/tr>\n<\/tbody>\n<\/table>\n<ul><\/ul>\n","protected":false},"excerpt":{"rendered":"<p>SDJ pu\u00f2 vantare una delle pi\u00f9 vaste scelte quando si parla di sistemi led kit \u201cplug &#038; play\u201d pronti all\u2019uso. La serie Led Kit \u00e8 composta da un set di cambia colori led portatile adatto a qualsiasi utente, esperto e non. Un comodo supporto 3 piedi (in dotazione) sorregge la barra porta fari, una pedaliera consente il controllo facilitato di tutto il sistema e due comode sacche (in dotazione) ne garantiscono un trasporto veloce e sicuro. Il secondo della serie, pu\u00f2 contare su 4 proiettori da 7 sorgenti led ad alta potenza da 10W con tecnologia full color 4 in 1 RGBW; l\u2019elevata potenza e l\u2019aggiunta del colore bianco rendono unico questo kit nell\u2019intrattenimento indoor. La barra porta fari \u00e8 inoltre dotata di due staffe laterali regolabili che ne consentono l\u2019aggancio su strutture o il posizionamento a terra di tipo \u201clight up\u201d. Per gli utenti pi\u00f9 esigenti \u00e8 stato aggiunto un controllo tramite il segnale DMX, che consente di personalizzare al massimo tutte le funzionalit\u00e0 e le prestazioni dell\u2019intero sistema.<\/p>\n","protected":false},"featured_media":8935,"template":"","meta":{"_acf_changed":false},"product_brand":[],"product_cat":[35,28],"product_tag":[250],"class_list":{"0":"post-7121","1":"product","2":"type-product","3":"status-publish","4":"has-post-thumbnail","6":"product_cat-led-kit","7":"product_cat-lighting","8":"product_tag-entertainment","10":"first","11":"instock","12":"purchasable","13":"product-type-simple"},"acf":[],"_links":{"self":[{"href":"https:\/\/www.sdjlighting.com\/it\/wp-json\/wp\/v2\/product\/7121","targetHints":{"allow":["GET"]}}],"collection":[{"href":"https:\/\/www.sdjlighting.com\/it\/wp-json\/wp\/v2\/product"}],"about":[{"href":"https:\/\/www.sdjlighting.com\/it\/wp-json\/wp\/v2\/types\/product"}],"wp:featuredmedia":[{"embeddable":true,"href":"https:\/\/www.sdjlighting.com\/it\/wp-json\/wp\/v2\/media\/8935"}],"wp:attachment":[{"href":"https:\/\/www.sdjlighting.com\/it\/wp-json\/wp\/v2\/media?parent=7121"}],"wp:term":[{"taxonomy":"product_brand","embeddable":true,"href":"https:\/\/www.sdjlighting.com\/it\/wp-json\/wp\/v2\/product_brand?post=7121"},{"taxonomy":"product_cat","embeddable":true,"href":"https:\/\/www.sdjlighting.com\/it\/wp-json\/wp\/v2\/product_cat?post=7121"},{"taxonomy":"product_tag","embeddable":true,"href":"https:\/\/www.sdjlighting.com\/it\/wp-json\/wp\/v2\/product_tag?post=7121"}],"curies":[{"name":"wp","href":"https:\/\/api.w.org\/{rel}","templated":true}]}}