{"id":7178,"date":"2026-05-02T02:11:02","date_gmt":"2026-05-02T00:11:02","guid":{"rendered":"https:\/\/www.sdjlighting.com\/prodotto\/sg-slimpar36c-proiettore-slimpar-36x1w-led-cw-ww-irc-incluso\/"},"modified":"2026-05-02T02:11:13","modified_gmt":"2026-05-02T00:11:13","slug":"sg-slimpar36c-proiettore-slimpar-36x1w-led-cw-ww-irc-incluso","status":"publish","type":"product","link":"https:\/\/www.sdjlighting.com\/it\/prodotto\/sg-slimpar36c-proiettore-slimpar-36x1w-led-cw-ww-irc-incluso\/","title":{"rendered":"Proiettore Slimpar 36X1W led CW\/WW IRC (incluso )"},"content":{"rendered":"<p><strong>Sorgente luminosa<\/strong><\/p>\n<ul>\n<li>36x1W led WW\/CW<\/li>\n<li>Vita media sorgente LED: >50.000h<\/li>\n<\/ul>\n<p><strong>Ottica<\/strong><\/p>\n<ul>\n<li>Angolo di proiezione: 25\u00b0<\/li>\n<\/ul>\n<p><strong>Sistema colori<\/strong><\/p>\n<ul>\n<li>Sorgente LED WW\/CW (18WW &#8211; 18CW)<\/li>\n<li>Regolazione della temperatura di colore<\/li>\n<\/ul>\n<p><strong>Effetti<\/strong><\/p>\n<ul>\n<li>Dimmer lineare 0-100%<\/li>\n<li>Strobo regolabile<\/li>\n<li>Effetto Strobo random<\/li>\n<\/ul>\n<p><strong>Controllo e programmazione<\/strong><\/p>\n<ul>\n<li>3 configurazioni\u00a0DMX disponibili: 1\/4\/6\u00a0canali<\/li>\n<li>Controllo segnale USITT DMX 512<\/li>\n<li>Modalit\u00e0 Master\/Slave selezionabile<\/li>\n<li>Modalit\u00e0 Sound<\/li>\n<li>Modalit\u00e0 Automatica<\/li>\n<li>Controllo IR<\/li>\n<\/ul>\n<p><strong>Struttura e corpo mobile<\/strong><\/p>\n<ul>\n<li>Struttura in plastica ABS pressofusa ad alta resistenza di colore nero<\/li>\n<li>Display LED di colore rosso<\/li>\n<li>Sistema di ancoraggio con doppia staffa regolabile<\/li>\n<li>Posizionamento &#8220;light-up&#8221; senza l&#8217;utilizzo delle staffe<\/li>\n<li>Connessione di segnale DMX ingresso e uscita 3 poli<\/li>\n<li>Grado di protezione IP20<\/li>\n<li>Raffreddamento a ventilazione forzata<\/li>\n<\/ul>\n<p><strong>Alimentazione<\/strong><\/p>\n<ul>\n<li>Input Voltage: AC~100-240V, 50\/60 Hz<\/li>\n<li>Alimentatore switching universale<\/li>\n<li>Consumo: 40W<\/li>\n<li>Cavo di alimentazione 1mt incluso<\/li>\n<\/ul>\n<p><strong>Peso e dimensioni<\/strong><\/p>\n<ul>\n<li>Peso netto: 1,65 kg<\/li>\n<li>Dimensioni: <span style=\"font-size: 13px; line-height: 20.8px;\">257x130x240 mm<\/span><\/li>\n<\/ul>\n","protected":false},"excerpt":{"rendered":"<p>SLIMPAR riscrive il modo di fare lighting. La linea \u00e8 stata completamente ideata per soddisfare le esigenze dell\u2019utilizzatore occasionale; i proiettori facenti parte di questa nuova linea hanno come caratteristica principale quella della facilit\u00e0 d\u2019utilizzo, ottenuta semplificando e ottimizzando al massimo tutte le funzioni del proiettore, come l\u2019aggiunta del controllo IR (incluso), che facilita tutte le operazioni dando la possibilit\u00e0 di richiamare programmi o colori \u201cpreimpostati\u201d senza l\u2019utilizzo del segnale DMX. La linea Slimpar offre, tra le variet\u00e0 di proposte cromatiche, differenti \u201ctaglie\u201d e \u201csorgenti\u201d, oltre all\u2019inserimento della tecnologia DL (Dark Light) di ultima generazione. Grazie all\u2019utilizzo di queste innovative sorgenti LED ad alta resa 6 in 1 RGBWAU \u00e8 possibile ottenere luce ultravioletta ormai in voga in moltissimi eventi dance mantenendo, inoltre, tutte le numerose tonalit\u00e0 di colori riprodotte dalla sorgenti full color RGBWA, RGBW, RGB. Il corpo di tutti i proiettori Slimpar \u00e8 stato progettato in plastica ABS, garantendo la massima robustezza. Le misure contenute consentono varie possibilit\u00e0 d\u2019utilizzo ed installazione in sospensione, grazie a comode staffe d\u2019ancoraggio e in appoggio in posizione \u201clight up\u201d, sfruttando direttamente il design esclusivo del proiettore stesso. Da oggi con questo nuovo modello il prodotto si arricchisce con il controllo digitale della temperatura colore che pu\u00f2 passare da 3200\u00b0 K (Warm White) a 6000\u00b0 K (Cold White)<\/p>\n","protected":false},"featured_media":9031,"template":"","meta":{"_acf_changed":false},"product_brand":[],"product_cat":[50,28],"product_tag":[],"class_list":{"0":"post-7178","1":"product","2":"type-product","3":"status-publish","4":"has-post-thumbnail","6":"product_cat-legacy","7":"product_cat-lighting","9":"first","10":"instock","11":"product-type-simple"},"acf":[],"_links":{"self":[{"href":"https:\/\/www.sdjlighting.com\/it\/wp-json\/wp\/v2\/product\/7178","targetHints":{"allow":["GET"]}}],"collection":[{"href":"https:\/\/www.sdjlighting.com\/it\/wp-json\/wp\/v2\/product"}],"about":[{"href":"https:\/\/www.sdjlighting.com\/it\/wp-json\/wp\/v2\/types\/product"}],"wp:featuredmedia":[{"embeddable":true,"href":"https:\/\/www.sdjlighting.com\/it\/wp-json\/wp\/v2\/media\/9031"}],"wp:attachment":[{"href":"https:\/\/www.sdjlighting.com\/it\/wp-json\/wp\/v2\/media?parent=7178"}],"wp:term":[{"taxonomy":"product_brand","embeddable":true,"href":"https:\/\/www.sdjlighting.com\/it\/wp-json\/wp\/v2\/product_brand?post=7178"},{"taxonomy":"product_cat","embeddable":true,"href":"https:\/\/www.sdjlighting.com\/it\/wp-json\/wp\/v2\/product_cat?post=7178"},{"taxonomy":"product_tag","embeddable":true,"href":"https:\/\/www.sdjlighting.com\/it\/wp-json\/wp\/v2\/product_tag?post=7178"}],"curies":[{"name":"wp","href":"https:\/\/api.w.org\/{rel}","templated":true}]}}