{"id":7226,"date":"2026-04-26T02:12:05","date_gmt":"2026-04-26T00:12:05","guid":{"rendered":"https:\/\/www.sdjlighting.com\/prodotto\/sg-hyh900-macchine-ibrida-fumo-ed-hazer\/"},"modified":"2026-04-26T02:12:11","modified_gmt":"2026-04-26T00:12:11","slug":"sg-hyh900-macchine-ibrida-fumo-ed-hazer","status":"publish","type":"product","link":"https:\/\/www.sdjlighting.com\/it\/prodotto\/sg-hyh900-macchine-ibrida-fumo-ed-hazer\/","title":{"rendered":"Macchine ibrida fumo ed hazer"},"content":{"rendered":"<p><strong>Effetti<\/strong><\/p>\n<p>\u2022 Effetto fumo\/nebbia selezionabile tramite pulsante a bordo<\/p>\n<p><strong>Controllo e programmazione<\/strong><\/p>\n<p>\u2022 1 configurazioni DMX disponibili: 2 canali<br \/>\u2022 Velocit\u00e0 ventola regolabile via software e via DMX<br \/>\u2022 Controllo segnale USITT DMX 512<br \/>\u2022 Riscaldamento: 5 minuti<br \/>\u2022 Erogazione continua<br \/>\u2022 Modalit\u00e0 manuale regolabile via display<\/p>\n<p><strong>Struttura e corpo mobile<\/strong><\/p>\n<p>\u2022 Struttura lamiera di colore nero<br \/>\u2022 Display LCD grafico di colore azzurro<br \/>\u2022 Comoda maniglia per trasporto<br \/>\u2022 Pompa ad alte prestazioni per un\u2019emissione ottimale<br \/>\u2022 Ventola assiale ad alta velocita<br \/>\u2022 Serbatoio esterno: 2 litri<br \/>\u2022 Connessione di segnale DMX Ingresso e uscita XLR 3\/5 poli<br \/>\u2022 Grado di protezione IP 20<br \/>\u2022 Per un buon funzionamento si consiglia l\u2019uso di liquidi Sagitter<\/p>\n<p><strong>Alimentazione<\/strong><\/p>\n<p>\u2022 Input Voltage: AC~230V 50Hz<br \/>\u2022 Consumo 900W<br \/>\u2022 Connessione alimentazione IN VDE<br \/>\u2022 Cavo alimentazione 1,5 mt incluso<\/p>\n<p><strong>Peso e dimensioni<\/strong><\/p>\n<p>\u2022 Peso netto: 10,4 kg<br \/>\u2022 Dimensioni: 425x480x330 mm<\/p>\n","protected":false},"excerpt":{"rendered":"<p>Macchina ibrida che permette di effettuare nebbia e fumo con un unico apparecchio di tipologia H studiata per il mondo SDJ. All\u2019interno delle suo corpo compatto troviamo una macchina con caratteristiche ereditate dagli effetti ambienti del mondo dell\u2019intrattenimento live professionale. HYH900 garantisce una copertura perfetta di ambienti di medie e piccole dimensioni indoor ed outdoor; la sua nuova tecnologia utilizza una pompa d\u2019aria che oltre a permettere un\u2019ottimale miscelazione tra fumo ed aria, garantisce anche un\u2019estrema pulizia del condotto di riscaldamento, evitando quei fastidiosi intasamenti derivanti dalle normali formazioni calcaree dei liquidi ambiente. A un potente getto unisce un effetto nebbia secco e sottile, che non ostacola la visibilit\u00e0 allo spettatore e grazie ad una potente ventola interna a velocit\u00e0 controllabile \u00e8 possibile saturare l\u2019ambiente in tempi brevi. La macchina \u00e8 dotata di un controllo DMX, di una modalit\u00e0 manuale richiamabile dal pannello di controllo che consente l\u2019avvio o la sospensione dell\u2019effetto ambiente.<\/p>\n","protected":false},"featured_media":9203,"template":"","meta":{"_acf_changed":false},"product_brand":[],"product_cat":[50,28],"product_tag":[],"class_list":{"0":"post-7226","1":"product","2":"type-product","3":"status-publish","4":"has-post-thumbnail","6":"product_cat-legacy","7":"product_cat-lighting","9":"first","10":"instock","11":"purchasable","12":"product-type-simple"},"acf":[],"_links":{"self":[{"href":"https:\/\/www.sdjlighting.com\/it\/wp-json\/wp\/v2\/product\/7226","targetHints":{"allow":["GET"]}}],"collection":[{"href":"https:\/\/www.sdjlighting.com\/it\/wp-json\/wp\/v2\/product"}],"about":[{"href":"https:\/\/www.sdjlighting.com\/it\/wp-json\/wp\/v2\/types\/product"}],"wp:featuredmedia":[{"embeddable":true,"href":"https:\/\/www.sdjlighting.com\/it\/wp-json\/wp\/v2\/media\/9203"}],"wp:attachment":[{"href":"https:\/\/www.sdjlighting.com\/it\/wp-json\/wp\/v2\/media?parent=7226"}],"wp:term":[{"taxonomy":"product_brand","embeddable":true,"href":"https:\/\/www.sdjlighting.com\/it\/wp-json\/wp\/v2\/product_brand?post=7226"},{"taxonomy":"product_cat","embeddable":true,"href":"https:\/\/www.sdjlighting.com\/it\/wp-json\/wp\/v2\/product_cat?post=7226"},{"taxonomy":"product_tag","embeddable":true,"href":"https:\/\/www.sdjlighting.com\/it\/wp-json\/wp\/v2\/product_tag?post=7226"}],"curies":[{"name":"wp","href":"https:\/\/api.w.org\/{rel}","templated":true}]}}