{"id":7230,"date":"2026-04-26T02:12:12","date_gmt":"2026-04-26T00:12:12","guid":{"rendered":"https:\/\/www.sdjlighting.com\/prodotto\/sg-ledkithp3bat-led-kit-4-proiettori-3x6w-led-rgbw-fc\/"},"modified":"2026-04-26T02:12:17","modified_gmt":"2026-04-26T00:12:17","slug":"sg-ledkithp3bat-led-kit-4-proiettori-3x6w-led-rgbw-fc","status":"publish","type":"product","link":"https:\/\/www.sdjlighting.com\/it\/prodotto\/sg-ledkithp3bat-led-kit-4-proiettori-3x6w-led-rgbw-fc\/","title":{"rendered":"Led kit 4 proiettori 3x6W led RGBW\/FC"},"content":{"rendered":"<p><strong>Sorgente luminosa<\/strong><\/p>\n<p>\u2022 Kit 4 proiettori da 3x6W led RGBW Full Color<br \/>\u2022 Vita media sorgente LED: >50.000h<\/p>\n<p><strong>Ottica<\/strong><\/p>\n<p>\u2022 Angolo di proiezione: 25\u00b0<\/p>\n<p><strong>Sistema colori<\/strong><\/p>\n<p>\u2022 Sorgente 4 in 1 RGBW Full color<br \/>\u2022 Possibilit\u00e0 cromatiche illimitate<\/p>\n<p><strong>Effetti<\/strong><\/p>\n<p>\u2022 Dimmer lineare 0-100%<br \/>\u2022 Strobo: elettronico 1-20 flash\/s indipendente a velocita variabile<br \/>\u2022 Modalit\u00e0 automatica richiamabile da DMX<\/p>\n<p><strong>Controllo e programmazione<\/strong><\/p>\n<p>\u2022 7 configurazioni DMX disponibili: 4\/5\/6\/9\/10\/16\/20 canali<br \/>\u2022 Possibilit\u00e0 di controllo indipendente per ogni singolo proiettore con controllo DMX<br \/>\u2022 Controllo segnale USITT DMX 512<br \/>\u2022 Modalit\u00e0 Master\/Slave selezionabile<br \/>\u2022 Modalit\u00e0 Sound con sensibilit\u00e0 microfono regolabile<br \/>\u2022 Modalit\u00e0 Automatica con la possibilit\u00e0 di richiamare da display o da pedaliera 6 programmi, con regolazione della velocit\u00e0<br \/>\u2022 Modalit\u00e0 Stat Color con la possibilit\u00e0 di richiamare 51 macro colori preimpostate<br \/>\u2022 Controllo con pedaliera wireless: Blackout, Sound, Auto, Freeze (inclusa)<\/p>\n<p><strong>Struttura e corpo mobile<\/strong><\/p>\n<p>\u2022 Struttura in metallo di colore nero<br \/>\u2022 Display Display LCD grafico a colori<br \/>\u2022 Sistema di ancoraggio con doppia staffa laterale regolabile<br \/>\u2022 Posizionamento \u201clight up\u201d con doppia staffa laterale regolabile<br \/>\u2022 Connessione di segnale DMX IN\/OUT 3 poli<br \/>\u2022 Grado di protezione IP20<br \/>\u2022 Stand max. H 2200mm con sacca per trasporto (inclusi)<br \/>\u2022 Bag morbida per trasporto barra fari (inclusa)<\/p>\n<p><strong>Alimentazione<\/strong><\/p>\n<p>\u2022 Input Voltage: AC~100-240V, 50\/60 Hz<br \/>\u2022 Alimentatore switching universale<br \/>\u2022 Potenza Max: 80W @ 230VAC<br \/>\u2022 Batteria interna ricaricabile Li-Ion<br \/>\u2022 Durata batteria ~ 8h (full ON)<br \/>\u2022 Ciclo di ricarica ~ 5h (con led spenti)<br \/>\u2022 Cavo di alimentazione incluso<\/p>\n<p><strong>Peso e dimensioni<\/strong><\/p>\n<p>\u2022 Peso netto barra: 6,3 kg<br \/>\u2022 Peso netto stand: 2,8 kg<br \/>\u2022 Dimensioni barra: 950x90x230 mm<\/p>\n","protected":false},"excerpt":{"rendered":"<p>Sorgente luminosa \u2022 Kit 4 proiettori da 3x6W led RGBW Full Color\u2022 Vita media sorgente LED: >50.000h Ottica \u2022 Angolo di proiezione: 25\u00b0 Sistema colori \u2022 Sorgente 4 in 1 RGBW Full color\u2022 Possibilit\u00e0 cromatiche illimitate Effetti \u2022 Dimmer lineare 0-100%\u2022 Strobo: elettronico 1-20 flash\/s indipendente a velocita variabile\u2022 Modalit\u00e0 automatica richiamabile da DMX Controllo [&hellip;]<\/p>\n","protected":false},"featured_media":9217,"template":"","meta":{"_acf_changed":false},"product_brand":[],"product_cat":[50,28],"product_tag":[],"class_list":{"0":"post-7230","1":"product","2":"type-product","3":"status-publish","4":"has-post-thumbnail","6":"product_cat-legacy","7":"product_cat-lighting","9":"first","10":"instock","11":"product-type-simple"},"acf":[],"_links":{"self":[{"href":"https:\/\/www.sdjlighting.com\/it\/wp-json\/wp\/v2\/product\/7230","targetHints":{"allow":["GET"]}}],"collection":[{"href":"https:\/\/www.sdjlighting.com\/it\/wp-json\/wp\/v2\/product"}],"about":[{"href":"https:\/\/www.sdjlighting.com\/it\/wp-json\/wp\/v2\/types\/product"}],"wp:featuredmedia":[{"embeddable":true,"href":"https:\/\/www.sdjlighting.com\/it\/wp-json\/wp\/v2\/media\/9217"}],"wp:attachment":[{"href":"https:\/\/www.sdjlighting.com\/it\/wp-json\/wp\/v2\/media?parent=7230"}],"wp:term":[{"taxonomy":"product_brand","embeddable":true,"href":"https:\/\/www.sdjlighting.com\/it\/wp-json\/wp\/v2\/product_brand?post=7230"},{"taxonomy":"product_cat","embeddable":true,"href":"https:\/\/www.sdjlighting.com\/it\/wp-json\/wp\/v2\/product_cat?post=7230"},{"taxonomy":"product_tag","embeddable":true,"href":"https:\/\/www.sdjlighting.com\/it\/wp-json\/wp\/v2\/product_tag?post=7230"}],"curies":[{"name":"wp","href":"https:\/\/api.w.org\/{rel}","templated":true}]}}