{"id":7237,"date":"2026-05-02T02:12:18","date_gmt":"2026-05-02T00:12:18","guid":{"rendered":"https:\/\/www.sdjlighting.com\/prodotto\/sg-ledkithp7bat-led-kit-4-proiettori-7x10w-led-rgbw-fc\/"},"modified":"2026-05-02T02:12:27","modified_gmt":"2026-05-02T00:12:27","slug":"sg-ledkithp7bat-led-kit-4-proiettori-7x10w-led-rgbw-fc","status":"publish","type":"product","link":"https:\/\/www.sdjlighting.com\/it\/prodotto\/sg-ledkithp7bat-led-kit-4-proiettori-7x10w-led-rgbw-fc\/","title":{"rendered":"Led kit 4 proiettori 7x10W led RGBW\/FC"},"content":{"rendered":"<table border=\"0\" cellpadding=\"0\" cellspacing=\"0\" width=\"1096\" style=\"width: 822pt;\">\n<colgroup>\n<col width=\"194\" style=\"mso-width-source:userset;mso-width-alt:6883;width:145pt\">\n<col width=\"902\" style=\"mso-width-source:userset;mso-width-alt:32085;width:677pt\"> <\/colgroup>\n<tbody>\n<tr height=\"38\" style=\"height:28.8pt\">\n<td height=\"38\" class=\"xl66\" width=\"194\" style=\"height:28.8pt;width:145pt\">Sorgente  luminosa<\/td>\n<td class=\"xl65\" width=\"902\" style=\"width:677pt\">Kit 4 proiettori da 7x10W led  RGBW Full Color<br \/>    Vita media sorgente LED: >50.000h<\/td>\n<\/tr>\n<tr height=\"19\" style=\"height:14.4pt\">\n<td height=\"19\" class=\"xl66\" style=\"height:14.4pt\">Ottica<\/td>\n<td class=\"xl65\" width=\"902\" style=\"width:677pt\">Angolo di proiezione: 25\u00b0<\/td>\n<\/tr>\n<tr height=\"38\" style=\"height:28.8pt\">\n<td height=\"38\" class=\"xl66\" style=\"height:28.8pt\">Sistema Colori<\/td>\n<td class=\"xl65\" width=\"902\" style=\"width:677pt\">Sorgente 4 in 1 RGBW Full  color<br \/>    Possibilit\u00e0 cromatiche illimitate<\/td>\n<\/tr>\n<tr height=\"58\" style=\"height:43.2pt\">\n<td height=\"58\" class=\"xl66\" style=\"height:43.2pt\">Effetti<\/td>\n<td class=\"xl65\" width=\"902\" style=\"width:677pt\">Dimmer lineare 0-100%<br \/>    Strobo: elettronico 1-20 flash\/s indipendente a velocita variabile<br \/>    Modalit\u00e0 automatica richiamabile da DMX<\/td>\n<\/tr>\n<tr height=\"154\" style=\"height:115.2pt\">\n<td height=\"154\" class=\"xl66\" style=\"height:115.2pt\">Controllo e programmazione<\/td>\n<td class=\"xl65\" width=\"902\" style=\"width:677pt\">7 configurazioni DMX  disponibili: 4\/5\/6\/9\/10\/16\/20 canali<br \/>    Possibilit\u00e0 di controllo indipendente per ogni singolo proiettore con  controllo DMX<br \/>    Controllo segnale USITT DMX 512<br \/>    Modalit\u00e0 Master\/Slave selezionabile<br \/>    Modalit\u00e0 Sound con sensibilit\u00e0 microfono regolabile<br \/>    Modalit\u00e0 Automatica con la possibilit\u00e0 di richiamare da display o da  pedaliera 6 programmi, con regolazione della velocit\u00e0<br \/>    Modalit\u00e0 Stat Color con la possibilit\u00e0 di richiamare 51 macro colori  preimpostate<br \/>    Controllo con pedaliera wireless: Blackout, Sound, Auto, Freeze (inclusa)<\/td>\n<\/tr>\n<tr height=\"154\" style=\"height:115.2pt\">\n<td height=\"154\" class=\"xl66\" style=\"height:115.2pt\">Struttura e corpo mobile<\/td>\n<td class=\"xl65\" width=\"902\" style=\"width:677pt\">Struttura in metallo di colore  nero<br \/>    Display Display LCD grafico a colori<br \/>    Sistema di ancoraggio con doppia staffa laterale regolabile<br \/>    Posizionamento \u201clight up\u201d con doppia staffa laterale regolabile<br \/>    Connessione di segnale DMX IN\/OUT 3 poli<br \/>    Grado di protezione IP20<br \/>    Stand max H 2800 mm con sacca per trasporto (inclusi)<br \/>    Bag semirigida per trasporto barra fari (inclusa)<\/td>\n<\/tr>\n<tr height=\"134\" style=\"height:100.8pt\">\n<td height=\"134\" class=\"xl66\" style=\"height:100.8pt\">Alimentazione<\/td>\n<td class=\"xl65\" width=\"902\" style=\"width:677pt\">Input Voltage: AC~100-240V,  50\/60 Hz<br \/>    Alimentatore switching universale<br \/>    Potenza Max: 300W @ 230VAC<br \/>    Batteria interna ricaricabile Li-Ion<br \/>    Durata batteria ~ 6h (full ON)<br \/>    Ciclo di ricarica ~ 5h (con led spenti)<br \/>    Cavo di alimentazione incluso<\/td>\n<\/tr>\n<tr height=\"58\" style=\"height:43.2pt\">\n<td height=\"58\" class=\"xl66\" style=\"height:43.2pt\">Peso e dimensioni<\/td>\n<td class=\"xl65\" width=\"902\" style=\"width:677pt\">Peso netto barra: 9,6 kg<br \/>    Peso netto stand: 4,5 kg<br \/>    Dimensioni barra: 1180x90x270 mm<\/td>\n<\/tr>\n<\/tbody>\n<\/table>\n","protected":false},"excerpt":{"rendered":"<p>Sorgente luminosa Kit 4 proiettori da 7x10W led RGBW Full Color Vita media sorgente LED: >50.000h Ottica Angolo di proiezione: 25\u00b0 Sistema Colori Sorgente 4 in 1 RGBW Full color Possibilit\u00e0 cromatiche illimitate Effetti Dimmer lineare 0-100% Strobo: elettronico 1-20 flash\/s indipendente a velocita variabile Modalit\u00e0 automatica richiamabile da DMX Controllo e programmazione 7 configurazioni [&hellip;]<\/p>\n","protected":false},"featured_media":9247,"template":"","meta":{"_acf_changed":false},"product_brand":[],"product_cat":[50,28],"product_tag":[],"class_list":{"0":"post-7237","1":"product","2":"type-product","3":"status-publish","4":"has-post-thumbnail","6":"product_cat-legacy","7":"product_cat-lighting","9":"first","10":"instock","11":"purchasable","12":"product-type-simple"},"acf":[],"_links":{"self":[{"href":"https:\/\/www.sdjlighting.com\/it\/wp-json\/wp\/v2\/product\/7237","targetHints":{"allow":["GET"]}}],"collection":[{"href":"https:\/\/www.sdjlighting.com\/it\/wp-json\/wp\/v2\/product"}],"about":[{"href":"https:\/\/www.sdjlighting.com\/it\/wp-json\/wp\/v2\/types\/product"}],"wp:featuredmedia":[{"embeddable":true,"href":"https:\/\/www.sdjlighting.com\/it\/wp-json\/wp\/v2\/media\/9247"}],"wp:attachment":[{"href":"https:\/\/www.sdjlighting.com\/it\/wp-json\/wp\/v2\/media?parent=7237"}],"wp:term":[{"taxonomy":"product_brand","embeddable":true,"href":"https:\/\/www.sdjlighting.com\/it\/wp-json\/wp\/v2\/product_brand?post=7237"},{"taxonomy":"product_cat","embeddable":true,"href":"https:\/\/www.sdjlighting.com\/it\/wp-json\/wp\/v2\/product_cat?post=7237"},{"taxonomy":"product_tag","embeddable":true,"href":"https:\/\/www.sdjlighting.com\/it\/wp-json\/wp\/v2\/product_tag?post=7237"}],"curies":[{"name":"wp","href":"https:\/\/api.w.org\/{rel}","templated":true}]}}