{"id":7257,"date":"2026-04-26T02:13:16","date_gmt":"2026-04-26T00:13:16","guid":{"rendered":"https:\/\/www.sdjlighting.com\/prodotto\/sg-bati4dlh-proiettore-led-a-batteria-4x12w-rgbwa-uv\/"},"modified":"2026-04-26T02:13:27","modified_gmt":"2026-04-26T00:13:27","slug":"sg-bati4dlh-proiettore-led-a-batteria-4x12w-rgbwa-uv","status":"publish","type":"product","link":"https:\/\/www.sdjlighting.com\/it\/prodotto\/sg-bati4dlh-proiettore-led-a-batteria-4x12w-rgbwa-uv\/","title":{"rendered":"Proiettore led a batteria 4x12W RGBWA-UV"},"content":{"rendered":"<table border=\"0\" cellpadding=\"0\" cellspacing=\"0\" width=\"1096\" style=\"width: 822pt;\">\n<colgroup>\n<col width=\"194\" style=\"mso-width-source:userset;mso-width-alt:6883;width:145pt\">\n<col width=\"902\" style=\"mso-width-source:userset;mso-width-alt:32085;width:677pt\"> <\/colgroup>\n<tbody>\n<tr height=\"58\" style=\"height:43.2pt\">\n<td height=\"58\" class=\"xl66\" width=\"194\" style=\"height:43.2pt;width:145pt\">Sorgente  luminosa<\/td>\n<td class=\"xl65\" width=\"902\" style=\"width:677pt\">4x12W led RGBWA-UV<br \/>    Vita media sorgente: > 50.000h<br \/>    Frequenza diodi led: > 400Hz anti flicker<\/td>\n<\/tr>\n<tr height=\"19\" style=\"height:14.4pt\">\n<td height=\"19\" class=\"xl66\" style=\"height:14.4pt\">Ottica<\/td>\n<td class=\"xl65\" width=\"902\" style=\"width:677pt\">Angolo di proiezione: 15\u00b0<\/td>\n<\/tr>\n<tr height=\"38\" style=\"height:28.8pt\">\n<td height=\"38\" class=\"xl66\" style=\"height:28.8pt\">Sistema Colori<\/td>\n<td class=\"xl65\" width=\"902\" style=\"width:677pt\">Sorgente led RGBWA-UV<br \/>    Possibilit\u00e0 cromatiche illimitate<\/td>\n<\/tr>\n<tr height=\"115\" style=\"height:86.4pt\">\n<td height=\"115\" class=\"xl66\" style=\"height:86.4pt\">Effetti<\/td>\n<td class=\"xl65\" width=\"902\" style=\"width:677pt\">Dimmer lineare 0-100%<br \/>    Effetto strobo regolabile<br \/>    Static color mode: regolazione manual di ogni colore<br \/>    Manual color mode: macro colori preimpostate<br \/>    Auto mode: programmi automatici preimpostati con regolazione della velocit\u00e0<br \/>    Sound mode: modalit\u00e0 musicale tramite microfono interno con regolazione  della sensibilit\u00e0<\/td>\n<\/tr>\n<tr height=\"134\" style=\"height:100.8pt\">\n<td height=\"134\" class=\"xl66\" style=\"height:100.8pt\">Controllo e programmazione<\/td>\n<td class=\"xl65\" width=\"902\" style=\"width:677pt\">3 configurazioni DMX  disponibili: 6\/6b\/10 canali<br \/>    Controllo segnale USITT DMX 512<br \/>    Protocollo Wi-Fi incorporato per control diretto da Smartphone tramite  App<br \/>    Transceiver wireless DMX incorporato (Trasmettitore wireless SG BATI4TX,  venduto separatamente)<br \/>    Radiocomando incluso<br \/>    Modalit\u00e0 Master\/Slave<br \/>    Modalit\u00e0 automatica<\/td>\n<\/tr>\n<tr height=\"115\" style=\"height:86.4pt\">\n<td height=\"115\" class=\"xl66\" style=\"height:86.4pt\">Struttura e corpo mobile<\/td>\n<td class=\"xl65\" width=\"902\" style=\"width:677pt\">Struttura In metallo<br \/>    Display LCD grafico a colori<br \/>    Posizionamento \u201cLight up\u201d con regolazione inclinazione<br \/>    Grado di protezione: IP20<br \/>    Connettori IN\/OUT DMX 3 poli<br \/>    Raffreddamento per convezione senza ventole<\/td>\n<\/tr>\n<tr height=\"154\" style=\"height:115.2pt\">\n<td height=\"154\" class=\"xl66\" style=\"height:115.2pt\">Alimentazione<\/td>\n<td class=\"xl65\" width=\"902\" style=\"width:677pt\">Input Voltage: AC~100-240V,  50\/60 Hz, per funzionamento normale e ricarica della batteria<br \/>    Alimentatore switching universale<br \/>    Betteria interna ricaricabile: 14,8VDC<br \/>    Capacit\u00e0: 7,8 Ah<br \/>    Durata batteria: ~ 5 hrs (full ON)<br \/>    Ciclo di ricarica: ~ 5 hrs (Proiettore spento)<br \/>    Potenza massima: 50W @ 230VAC<br \/>    Connessione di alimentazione powerCON IN\/OUT<\/td>\n<\/tr>\n<tr height=\"38\" style=\"height:28.8pt\">\n<td height=\"38\" class=\"xl66\" style=\"height:28.8pt\">Peso e dimensioni<\/td>\n<td class=\"xl65\" width=\"902\" style=\"width:677pt\">Peso netto: 3,5 kg<br \/>    Dimensioni: 140x140x205 mm<\/td>\n<\/tr>\n<\/tbody>\n<\/table>\n<table border=\"0\" cellpadding=\"0\" cellspacing=\"0\" width=\"1096\" style=\"width: 822pt;\">\n<colgroup>\n<col width=\"194\" style=\"mso-width-source:userset;mso-width-alt:6883;width:145pt\">\n<col width=\"902\" style=\"mso-width-source:userset;mso-width-alt:32085;width:677pt\"><\/colgroup>\n<tbody><\/tbody>\n<\/table>\n","protected":false},"excerpt":{"rendered":"<p><strong>Bati 4 DLH<\/strong> \u00e8 un proiettore portatile a batteria, che racchiude al suo interno un elevato numero di soluzioni tecnologiche d\u2019avanguardia. Come sorgente led \u00e8 stata scelta una delle pi\u00f9 robuste ed efficaci gi\u00e0 utilizzata in linee di successo come Slimpar e Slimbar, si tratta di una sorgente composta da 4 led da 12W con tecnologia DL (dark light) RGBWA-UV full color 6 in 1, capace di soddisfare anche le esigenze cromatiche pi\u00f9 complicate. L\u2019alimentazione \u00e8 fornita da una batteria al litio a grande capacit\u00e0, essa rende il proiettore veramente portatile e pu\u00f2 essere ricaricata innumerevoli volte, senza alcun effetto \u201cmemoria\u201d. Quattro sono le possibilit\u00e0 di controllo che Bati 4 DL mette a disposizione del suo utilizzatore: DMX con cavo, IRC (comando in dotazione), Wireless DMX, WIFI (direttamente da smartphone o tablet senza l\u2019ausilio di scomodi hardware esterni).<\/p>\n","protected":false},"featured_media":9419,"template":"","meta":{"_acf_changed":false},"product_brand":[],"product_cat":[50,28],"product_tag":[250],"class_list":{"0":"post-7257","1":"product","2":"type-product","3":"status-publish","4":"has-post-thumbnail","6":"product_cat-legacy","7":"product_cat-lighting","8":"product_tag-entertainment","10":"first","11":"instock","12":"purchasable","13":"product-type-simple"},"acf":[],"_links":{"self":[{"href":"https:\/\/www.sdjlighting.com\/it\/wp-json\/wp\/v2\/product\/7257","targetHints":{"allow":["GET"]}}],"collection":[{"href":"https:\/\/www.sdjlighting.com\/it\/wp-json\/wp\/v2\/product"}],"about":[{"href":"https:\/\/www.sdjlighting.com\/it\/wp-json\/wp\/v2\/types\/product"}],"wp:featuredmedia":[{"embeddable":true,"href":"https:\/\/www.sdjlighting.com\/it\/wp-json\/wp\/v2\/media\/9419"}],"wp:attachment":[{"href":"https:\/\/www.sdjlighting.com\/it\/wp-json\/wp\/v2\/media?parent=7257"}],"wp:term":[{"taxonomy":"product_brand","embeddable":true,"href":"https:\/\/www.sdjlighting.com\/it\/wp-json\/wp\/v2\/product_brand?post=7257"},{"taxonomy":"product_cat","embeddable":true,"href":"https:\/\/www.sdjlighting.com\/it\/wp-json\/wp\/v2\/product_cat?post=7257"},{"taxonomy":"product_tag","embeddable":true,"href":"https:\/\/www.sdjlighting.com\/it\/wp-json\/wp\/v2\/product_tag?post=7257"}],"curies":[{"name":"wp","href":"https:\/\/api.w.org\/{rel}","templated":true}]}}