{"id":7341,"date":"2026-05-02T02:14:47","date_gmt":"2026-05-02T00:14:47","guid":{"rendered":"https:\/\/www.sdjlighting.com\/prodotto\/sg-faster2448p-centralina-dedicata-al-controllo-di-proiettori-tradizionali-24-48-canali\/"},"modified":"2026-05-02T02:14:58","modified_gmt":"2026-05-02T00:14:58","slug":"sg-faster2448p-centralina-dedicata-al-controllo-di-proiettori-tradizionali-24-48-canali","status":"publish","type":"product","link":"https:\/\/www.sdjlighting.com\/it\/prodotto\/sg-faster2448p-centralina-dedicata-al-controllo-di-proiettori-tradizionali-24-48-canali\/","title":{"rendered":"Centralina dedicata al controllo di proiettori tradizionali 24\/48 canali"},"content":{"rendered":"<table border=\"0\" cellpadding=\"0\" cellspacing=\"0\" width=\"672\" style=\"width: 504pt;\">\n<colgroup>\n<col width=\"178\" style=\"mso-width-source:userset;mso-width-alt:6314;width:133pt\">\n<col width=\"494\" style=\"mso-width-source:userset;mso-width-alt:17578;width:371pt\"> <\/colgroup>\n<tbody>\n<tr height=\"173\" style=\"height:129.6pt\">\n<td height=\"173\" class=\"xl64\" width=\"178\" style=\"height:129.6pt;width:133pt\">Caratteristiche  tecniche<\/td>\n<td class=\"xl64\" width=\"494\" style=\"width:371pt\">Centralina per il controllo di  proiettori tradizionali<br \/>    48 canali DMX complessivi<br \/>    24+24 sliders di controllo (pagine A\/B)<br \/>    4 pagine per 12 programmi (fino a 4600 passi programmabili)<br \/>    Impostazione di dissolvenza e velocit\u00e0 di esecuzione<br \/>    Possibilit\u00e0 di modifica di una scena in diretta o in differita<br \/>    Modalit\u00e0 musicale (microfono interno)<br \/>    Compatibile MIDI IN\/OUT &#8211; THRU<br \/>    Ingresso audio esterno<\/td>\n<\/tr>\n<tr height=\"38\" style=\"height:28.8pt\">\n<td height=\"38\" class=\"xl64\" width=\"178\" style=\"height:28.8pt;width:133pt\">Alimentazione<\/td>\n<td class=\"xl64\" width=\"494\" style=\"width:371pt\">Alimentazione: DC 9V, 1000mA  min<br \/>    Alimentatore esterno incluso AC~100-240V, 50\/60Hz<\/td>\n<\/tr>\n<tr height=\"38\" style=\"height:28.8pt\">\n<td height=\"38\" class=\"xl64\" width=\"178\" style=\"height:28.8pt;width:133pt\">Peso e  dimensioni<\/td>\n<td class=\"xl64\" width=\"494\" style=\"width:371pt\">Peso netto: 4,5 kg<br \/>    Dimensioni: <font class=\"font5\">485x290x95(h) mm<\/font><\/td>\n<\/tr>\n<\/tbody>\n<\/table>\n","protected":false},"excerpt":{"rendered":"<p>La famiglia Faster si allarga per soddisfare anche gli utenti con esigenze pi\u00f9 specifiche che hanno la necessit\u00e0 di gestire unit\u00e0 dimmer. Due sono le taglie in gioco: Faster 24 capace di controllare 24 canali e Faster 48 per un controllo massimo di 48 canali. Entrambe sono state ideate rispettando la metodologia di programmazione facile ed intuitiva dei controlli per la gestioni di spettacoli live dove si usano canali dimmer. I comandi di accesso alle funzioni sono personalizzabili e l\u2019unit\u00e0 supporta diverse modalit\u00e0 di funzionamento oltre all\u2019esecuzione musicale.<\/p>\n","protected":false},"featured_media":9727,"template":"","meta":{"_acf_changed":false},"product_brand":[],"product_cat":[42,28],"product_tag":[250],"class_list":{"0":"post-7341","1":"product","2":"type-product","3":"status-publish","4":"has-post-thumbnail","6":"product_cat-controllers-and-distribution","7":"product_cat-lighting","8":"product_tag-entertainment","10":"first","11":"instock","12":"purchasable","13":"product-type-simple"},"acf":[],"_links":{"self":[{"href":"https:\/\/www.sdjlighting.com\/it\/wp-json\/wp\/v2\/product\/7341","targetHints":{"allow":["GET"]}}],"collection":[{"href":"https:\/\/www.sdjlighting.com\/it\/wp-json\/wp\/v2\/product"}],"about":[{"href":"https:\/\/www.sdjlighting.com\/it\/wp-json\/wp\/v2\/types\/product"}],"wp:featuredmedia":[{"embeddable":true,"href":"https:\/\/www.sdjlighting.com\/it\/wp-json\/wp\/v2\/media\/9727"}],"wp:attachment":[{"href":"https:\/\/www.sdjlighting.com\/it\/wp-json\/wp\/v2\/media?parent=7341"}],"wp:term":[{"taxonomy":"product_brand","embeddable":true,"href":"https:\/\/www.sdjlighting.com\/it\/wp-json\/wp\/v2\/product_brand?post=7341"},{"taxonomy":"product_cat","embeddable":true,"href":"https:\/\/www.sdjlighting.com\/it\/wp-json\/wp\/v2\/product_cat?post=7341"},{"taxonomy":"product_tag","embeddable":true,"href":"https:\/\/www.sdjlighting.com\/it\/wp-json\/wp\/v2\/product_tag?post=7341"}],"curies":[{"name":"wp","href":"https:\/\/api.w.org\/{rel}","templated":true}]}}