{"id":8351,"date":"2026-04-23T02:15:47","date_gmt":"2026-04-23T00:15:47","guid":{"rendered":"https:\/\/www.sdjlighting.com\/prodotto\/sg-jbar16-proiettore-a-barra-jbar-16x10w-led-rgbw-fc\/"},"modified":"2026-04-23T02:15:55","modified_gmt":"2026-04-23T00:15:55","slug":"sg-jbar16-proiettore-a-barra-jbar-16x10w-led-rgbw-fc","status":"publish","type":"product","link":"https:\/\/www.sdjlighting.com\/it\/prodotto\/sg-jbar16-proiettore-a-barra-jbar-16x10w-led-rgbw-fc\/","title":{"rendered":"Proiettore a barra JBar 16X10W led RGBW\/FC"},"content":{"rendered":"<table border=\"0\" cellpadding=\"0\" cellspacing=\"0\" width=\"1096\" style=\"width: 822pt;\">\n<colgroup>\n<col width=\"194\" style=\"mso-width-source:userset;mso-width-alt:6883;width:145pt\">\n<col width=\"902\" style=\"mso-width-source:userset;mso-width-alt:32085;width:677pt\"> <\/colgroup>\n<tbody>\n<tr height=\"58\" style=\"height:43.2pt\">\n<td height=\"58\" class=\"xl63\" width=\"194\" style=\"height:43.2pt;width:145pt\">Sorgente  luminosa<\/td>\n<td class=\"xl65\" width=\"902\" style=\"width:677pt\">16x10W led RGBW Full Color<br \/>    Vita media sorgente LED: >50.000h<br \/>    Frequenza diodi led: >400Hz anti-flicker<\/td>\n<\/tr>\n<tr height=\"38\" style=\"height:28.8pt\">\n<td height=\"38\" class=\"xl63\" style=\"height:28.8pt\">Ottica<\/td>\n<td class=\"xl65\" width=\"902\" style=\"width:677pt\">Angolo di proiezione: 25\u00b0<br \/>    Illuminamento: 1350 lux @5mt (25\u00b0)<\/td>\n<\/tr>\n<tr height=\"58\" style=\"height:43.2pt\">\n<td height=\"58\" class=\"xl63\" style=\"height:43.2pt\">Sistema Colori<\/td>\n<td class=\"xl65\" width=\"902\" style=\"width:677pt\">Sorgente 4 in 1 RGBW Full  Color<br \/>    Possibilit\u00e0 cromatiche illimitate<br \/>    50 macro colori controllabili via DMX<\/td>\n<\/tr>\n<tr height=\"38\" style=\"height:28.8pt\">\n<td height=\"38\" class=\"xl63\" style=\"height:28.8pt\">Effetti<\/td>\n<td class=\"xl64\" width=\"902\" style=\"width:677pt\">Dimmer lineare 0-100%<br \/>    Strobo: elettronico 1-20 flash\/s indipendente a velocit\u00e0 variabil<\/td>\n<\/tr>\n<tr height=\"134\" style=\"height:100.8pt\">\n<td height=\"134\" class=\"xl63\" style=\"height:100.8pt\">Controllo e programmazione<\/td>\n<td class=\"xl65\" width=\"902\" style=\"width:677pt\">7 configurazioni DMX  disponibili: 2\/3\/5\/11\/32\/39 canali<br \/>    Controllo della sorgente led in \u201cdouble pixel\u201d<br \/>    Controllo segnale USITT DMX 512<br \/>    Modalit\u00e0 Master\/Slave selezionabile<br \/>    Modalit\u00e0 Static Color con regolazione indipendente della strobo<br \/>    Modalit\u00e0 Automatica con la possibilit\u00e0 di richiamare da display 13  programmi personalizzabili con regolazione indipendente della velocit\u00e0 e  strobo<br \/>    Modalit\u00e0 Color con la possibilit\u00e0 di richiamare 50 macro colori  preimpostate con regolazione indipendente della strobo<\/td>\n<\/tr>\n<tr height=\"96\" style=\"height:72.0pt\">\n<td height=\"96\" class=\"xl63\" style=\"height:72.0pt\">Struttura e corpo mobile<\/td>\n<td class=\"xl65\" width=\"902\" style=\"width:677pt\">Display LCD a colori<br \/>    Sistema di ancoraggio con staffa singola regolabile<br \/>    Posizionamento \u201clight up\u201d con regolazione dell\u2019 inclinazione<br \/>    Connessione di segnale DMX Ingresso e uscita XLR 3 poli<br \/>    Grado di protezione IP 65<\/td>\n<\/tr>\n<tr height=\"115\" style=\"height:86.4pt\">\n<td height=\"115\" class=\"xl63\" style=\"height:86.4pt\">Alimentazione<\/td>\n<td class=\"xl65\" width=\"902\" style=\"width:677pt\">Input Voltage: AC~100-240V  50\/60Hz<br \/>    Alimentatore switching universale<br \/>    Consumo 120W<br \/>    Connessione alimentazione Seetronic X Series IP65 IN\/OUT<br \/>    Cavo alimentazione 1,5 mt incluso<br \/>    Alimentazione OUT massimo 6 pcs @240V<\/td>\n<\/tr>\n<tr height=\"38\" style=\"height:28.8pt\">\n<td height=\"38\" class=\"xl63\" style=\"height:28.8pt\">Peso e dimensioni<\/td>\n<td class=\"xl65\" width=\"902\" style=\"width:677pt\">Peso netto: 6 kg<br \/>    Dimensioni: 1004x95x163 (h) mm<\/td>\n<\/tr>\n<\/tbody>\n<\/table>\n","protected":false},"excerpt":{"rendered":"<p>Sorgente luminosa 16x10W led RGBW Full Color Vita media sorgente LED: >50.000h Frequenza diodi led: >400Hz anti-flicker Ottica Angolo di proiezione: 25\u00b0 Illuminamento: 1350 lux @5mt (25\u00b0) Sistema Colori Sorgente 4 in 1 RGBW Full Color Possibilit\u00e0 cromatiche illimitate 50 macro colori controllabili via DMX Effetti Dimmer lineare 0-100% Strobo: elettronico 1-20 flash\/s indipendente a [&hellip;]<\/p>\n","protected":false},"featured_media":9911,"template":"","meta":{"_acf_changed":false},"product_brand":[],"product_cat":[28,29],"product_tag":[250,253,252],"class_list":{"0":"post-8351","1":"product","2":"type-product","3":"status-publish","4":"has-post-thumbnail","6":"product_cat-lighting","7":"product_cat-indoor-fixtures","8":"product_tag-entertainment","9":"product_tag-installation-events","10":"product_tag-live-performance","12":"first","13":"instock","14":"product-type-simple"},"acf":[],"_links":{"self":[{"href":"https:\/\/www.sdjlighting.com\/it\/wp-json\/wp\/v2\/product\/8351","targetHints":{"allow":["GET"]}}],"collection":[{"href":"https:\/\/www.sdjlighting.com\/it\/wp-json\/wp\/v2\/product"}],"about":[{"href":"https:\/\/www.sdjlighting.com\/it\/wp-json\/wp\/v2\/types\/product"}],"wp:featuredmedia":[{"embeddable":true,"href":"https:\/\/www.sdjlighting.com\/it\/wp-json\/wp\/v2\/media\/9911"}],"wp:attachment":[{"href":"https:\/\/www.sdjlighting.com\/it\/wp-json\/wp\/v2\/media?parent=8351"}],"wp:term":[{"taxonomy":"product_brand","embeddable":true,"href":"https:\/\/www.sdjlighting.com\/it\/wp-json\/wp\/v2\/product_brand?post=8351"},{"taxonomy":"product_cat","embeddable":true,"href":"https:\/\/www.sdjlighting.com\/it\/wp-json\/wp\/v2\/product_cat?post=8351"},{"taxonomy":"product_tag","embeddable":true,"href":"https:\/\/www.sdjlighting.com\/it\/wp-json\/wp\/v2\/product_tag?post=8351"}],"curies":[{"name":"wp","href":"https:\/\/api.w.org\/{rel}","templated":true}]}}